{"id":299,"date":"2013-03-09T20:11:14","date_gmt":"2013-03-09T20:11:14","guid":{"rendered":"\/trg\/?page_id=299"},"modified":"2020-02-07T18:13:31","modified_gmt":"2020-02-07T16:13:31","slug":"wanderrudern","status":"publish","type":"page","link":"\/trg\/wanderrudern\/","title":{"rendered":"Wanderrudern"},"content":{"rendered":"<p>Wir sind eine bunt durchmischte \u201eAnsammlung\u201c von gro\u00dfen und kleinen, dicken und d\u00fcnnen, strebsamen und weniger strebsamen, sportbegeisterten Leuten, die Spa\u00df haben, bei Wind und Wetter gemeinsam im Boot zu sitzen.<\/p>\n<p><a href=\"https:\/\/www.rudern-in-berlin.de\/trg\/wp-content\/uploads\/2013\/03\/P1000741.geaendert.jpg\"><img loading=\"lazy\" decoding=\"async\" class=\"alignleft size-medium wp-image-732\" style=\"border: 1px solid lightgrey;\" title=\"P1000741.geaendert\" src=\"https:\/\/www.rudern-in-berlin.de\/trg\/wp-content\/uploads\/2013\/03\/P1000741.geaendert-300x225.jpg\" alt=\"\" width=\"300\" height=\"225\" srcset=\"https:\/\/www.rudern-in-berlin.de\/trg\/wp-content\/uploads\/2013\/03\/P1000741.geaendert-300x225.jpg 300w, https:\/\/www.rudern-in-berlin.de\/trg\/wp-content\/uploads\/2013\/03\/P1000741.geaendert-1024x768.jpg 1024w, https:\/\/www.rudern-in-berlin.de\/trg\/wp-content\/uploads\/2013\/03\/P1000741.geaendert.jpg 1280w\" sizes=\"auto, (max-width: 300px) 100vw, 300px\" \/><\/a>Mit dem <a href=\"https:\/\/www.rudern-in-berlin.de\/trg\/tag\/anrudern\/\" target=\"_blank\" rel=\"noopener\">Anrudern<\/a>, Anfang April wird die Rudersaison eingel\u00e4utet. Danach treffen sich unsere Mitglieder bis zum Ende der Saison im Oktober an jedem Mittwoch zu unserem Vereinstag. Hier finden sich Mannschaften mit unterschiedlichem Anspruch zusammen, die Lust auf eine k\u00fcrzere Rudertour, Zeit f\u00fcr Erfischungsget\u00e4nke und netten Gespr\u00e4chen haben.<\/p>\n<p>Es gibt Wanderfahrten \u00fcber\u2018s Wochenende, die an unserem Bootshaus beginnen. Zum Beispiel rudern wir zu einer kleinen Insel namens K\u00e4lberwerder, im Wannsee, zelten dort und rudern am n\u00e4chsten Tag mitten durch Berlin zur\u00fcck. Dann gibt es Wanderfahrten, bei denen wir mit dem Bootsanh\u00e4nger am Freitag losfahren, um am Wochenende z. B. auf der Saale in Bernburg oder auf Neuruppiner Gew\u00e4ssern zu rudern. Besondere H\u00f6hepunkte sind die Barkenfahrten, z.B. von Decin, Tschechien elbeabw\u00e4rts nach Pirna, durch Dresden weiter nach Mei\u00dfen oder auf der Peene in Mecklenburg-Vorpommern. Einmal im Jahr findet unsere Beeskowumfahrt statt, hier hat man die Wahl zwischen den \u201eHarterprobten&#8220; &#8211; 210km in 4 Tagen im Zelt &#8211; oder ein wenig entspannter in 5 Tagen mit festen Unterk\u00fcnften und Zeit zum Baden und Dinnieren.<\/p>\n<p>Alle zwei Jahre gibt es &#8222;Ruderferien\u201c. Hier finden sich Gleichgesinnte, um eine Woche ihres Urlaubes z.B. in Kroatien oder am Bodensee mit Rudern, Radfahren und kulturellen H\u00f6hepunkten aktiv zu verbringen.<\/p>\n<p>In den letzten Jahren war der Zulauf von neuen Mitgliedern recht gro\u00df, was f\u00fcr unseren Verein sehr erfreulich ist, da jedes Mitglied auch ein Zugewinn an neuen Ideen f\u00fcr noch unerschlossene Ruderreviere bringt. Bei uns in der Treptower Rudergemeinschaft kann man mit Ruderfreaks mit 4000 Jahreskilometern und mit Schnupperruderern in einem Boot sitzen, weil man hier alles findet, Gro\u00dfe und Kleine, Dicke und D\u00fcnne, doch bei allen schl\u00e4gt ein Ruderherz.<\/p>\n<p>Aktuelle Wanderrundertermin werden per E-Mails, in Aush\u00e4ngen im Bootshaus und im <a title=\"Vereinskalender\" href=\"\/trg\/vereinskalender\/\" target=\"_blank\" rel=\"noopener\">Vereinskalender<\/a> kommuniziert.<\/p>\n<p>Berichte bereits durchgef\u00fchrter Wanderruderfahrten k\u00f6nnen \u00fcber die Kategorie <a title=\"Wanderrudern\" href=\"https:\/\/www.rudern-in-berlin.de\/trg\/category\/wanderrudern\/\" target=\"_blank\" rel=\"noopener\">Wanderrudern<\/a> nachgelesen werden. Zudem existiert eine Zusammenfassung von Wanderruderm\u00f6glichkeiten im S\u00fcdosten Berlins mit dem Titel <a href=\"https:\/\/www.rudern-in-berlin.de\/trg\/wp-content\/uploads\/2018\/05\/Langtursroning-i-Berlin.pdf\" target=\"_blank\" rel=\"noopener\">Langtursroning i Berlin<\/a> in d\u00e4nischer Sprache (sobald eine deutsche Fassung verf\u00fcgbar ist, wird diese hier ebenfalls ver\u00f6ffentlicht).<\/p>\n","protected":false},"excerpt":{"rendered":"<p>Wir sind eine bunt durchmischte \u201eAnsammlung\u201c von gro\u00dfen und kleinen, dicken und d\u00fcnnen, strebsamen und weniger strebsamen, sportbegeisterten Leuten, die Spa\u00df haben, bei Wind und Wetter gemeinsam im Boot zu sitzen. Mit dem Anrudern, Anfang April wird die Rudersaison eingel\u00e4utet. &hellip; <a href=\"\/trg\/wanderrudern\/\">Weiterlesen <span class=\"meta-nav\">&rarr;<\/span><\/a><\/p>\n","protected":false},"author":1,"featured_media":0,"parent":0,"menu_order":0,"comment_status":"closed","ping_status":"closed","template":"","meta":{"ngg_post_thumbnail":0,"footnotes":""},"class_list":["post-299","page","type-page","status-publish","hentry"],"_links":{"self":[{"href":"\/trg\/wp-json\/wp\/v2\/pages\/299","targetHints":{"allow":["GET"]}}],"collection":[{"href":"\/trg\/wp-json\/wp\/v2\/pages"}],"about":[{"href":"\/trg\/wp-json\/wp\/v2\/types\/page"}],"author":[{"embeddable":true,"href":"\/trg\/wp-json\/wp\/v2\/users\/1"}],"replies":[{"embeddable":true,"href":"\/trg\/wp-json\/wp\/v2\/comments?post=299"}],"version-history":[{"count":18,"href":"\/trg\/wp-json\/wp\/v2\/pages\/299\/revisions"}],"predecessor-version":[{"id":4415,"href":"\/trg\/wp-json\/wp\/v2\/pages\/299\/revisions\/4415"}],"wp:attachment":[{"href":"\/trg\/wp-json\/wp\/v2\/media?parent=299"}],"curies":[{"name":"wp","href":"https:\/\/api.w.org\/{rel}","templated":true}]}}